{"id":306,"date":"2024-10-22T21:18:21","date_gmt":"2024-10-22T19:18:21","guid":{"rendered":"https:\/\/wypozyczalniaborowiec.pl\/?page_id=306"},"modified":"2024-11-12T17:46:46","modified_gmt":"2024-11-12T16:46:46","slug":"kontakt","status":"publish","type":"page","link":"https:\/\/wypozyczalniaborowiec.pl\/?page_id=306","title":{"rendered":"Kontakt"},"content":{"rendered":"\n<p><\/p>\n\n\n\n<div class=\"wp-block-columns is-layout-flex wp-container-core-columns-is-layout-9d6595d7 wp-block-columns-is-layout-flex\">\n<div class=\"wp-block-column is-layout-flow wp-block-column-is-layout-flow\" style=\"flex-basis:33.33%\">\n<p class=\"has-medium-font-size\"><strong>Wypo\u017cyczalnia Bor\u00f3wiec, <\/strong><br>Ul. Malinowa 7<br>62-023 Bor\u00f3wiec<\/p>\n\n\n\n<p class=\"has-medium-font-size\">Tel: <strong>531 040 747<br><\/strong>Email: bok@gareto.pl<\/p>\n<\/div>\n\n\n\n<div class=\"wp-block-column is-layout-flow wp-block-column-is-layout-flow\" style=\"flex-basis:66.66%\">\n<iframe src=\"https:\/\/www.google.com\/maps\/embed?pb=!1m18!1m12!1m3!1d2441.5677581972964!2d17.04007247716362!3d52.26939377199657!2m3!1f0!2f0!3f0!3m2!1i1024!2i768!4f13.1!3m3!1m2!1s0x4704564679ab7c99%3A0xd56db271296c5d11!2sMalinowa%207%2C%2062-023%20Bor%C3%B3wiec!5e0!3m2!1spl!2spl!4v1729624623751!5m2!1spl!2spl\" width=\"800\" height=\"600\" style=\"border:0;\" allowfullscreen=\"\" loading=\"lazy\" referrerpolicy=\"no-referrer-when-downgrade\"><\/iframe>\n<\/div>\n<\/div>\n\n\n\n<p><\/p>\n","protected":false},"excerpt":{"rendered":"<p>Wypo\u017cyczalnia Bor\u00f3wiec, Ul. Malinowa 762-023 Bor\u00f3wiec Tel: 531 040 747Email: bok@gareto.pl<\/p>\n","protected":false},"author":1,"featured_media":0,"parent":0,"menu_order":0,"comment_status":"closed","ping_status":"closed","template":"","meta":{"neve_meta_sidebar":"","neve_meta_container":"","neve_meta_enable_content_width":"","neve_meta_content_width":0,"neve_meta_title_alignment":"","neve_meta_author_avatar":"","neve_post_elements_order":"","neve_meta_disable_header":"","neve_meta_disable_footer":"","neve_meta_disable_title":"","_themeisle_gutenberg_block_has_review":false,"_ti_tpc_template_sync":false,"_ti_tpc_template_id":"","footnotes":""},"class_list":["post-306","page","type-page","status-publish","hentry"],"_links":{"self":[{"href":"https:\/\/wypozyczalniaborowiec.pl\/index.php?rest_route=\/wp\/v2\/pages\/306","targetHints":{"allow":["GET"]}}],"collection":[{"href":"https:\/\/wypozyczalniaborowiec.pl\/index.php?rest_route=\/wp\/v2\/pages"}],"about":[{"href":"https:\/\/wypozyczalniaborowiec.pl\/index.php?rest_route=\/wp\/v2\/types\/page"}],"author":[{"embeddable":true,"href":"https:\/\/wypozyczalniaborowiec.pl\/index.php?rest_route=\/wp\/v2\/users\/1"}],"replies":[{"embeddable":true,"href":"https:\/\/wypozyczalniaborowiec.pl\/index.php?rest_route=%2Fwp%2Fv2%2Fcomments&post=306"}],"version-history":[{"count":3,"href":"https:\/\/wypozyczalniaborowiec.pl\/index.php?rest_route=\/wp\/v2\/pages\/306\/revisions"}],"predecessor-version":[{"id":395,"href":"https:\/\/wypozyczalniaborowiec.pl\/index.php?rest_route=\/wp\/v2\/pages\/306\/revisions\/395"}],"wp:attachment":[{"href":"https:\/\/wypozyczalniaborowiec.pl\/index.php?rest_route=%2Fwp%2Fv2%2Fmedia&parent=306"}],"curies":[{"name":"wp","href":"https:\/\/api.w.org\/{rel}","templated":true}]}}