{"id":226,"date":"2020-02-17T11:58:21","date_gmt":"2020-02-17T11:58:21","guid":{"rendered":"https:\/\/demosites.io\/restaurant-gb\/?page_id=226"},"modified":"2024-10-07T12:46:20","modified_gmt":"2024-10-07T10:46:20","slug":"62549-reservations","status":"publish","type":"page","link":"https:\/\/wypozyczalniaborowiec.pl\/?page_id=226","title":{"rendered":"Warunki najmu"},"content":{"rendered":"\n<div class=\"wp-block-columns is-layout-flex wp-container-core-columns-is-layout-9d6595d7 wp-block-columns-is-layout-flex\">\n<div class=\"wp-block-column is-layout-flow wp-block-column-is-layout-flow\" style=\"flex-basis:100%\">\n<p><\/p>\n\n\n\n<div class=\"wp-block-columns is-layout-flex wp-container-core-columns-is-layout-9d6595d7 wp-block-columns-is-layout-flex\">\n<div class=\"wp-block-column is-layout-flow wp-block-column-is-layout-flow\">\n<p>Warunki wynajmu sprz\u0119tu:<br>Wypo\u017cyczalnia Bor\u00f3wiec prowadzi wynajem sprz\u0119tu na doby.<br>Za wypo\u017cyczony sprz\u0119t pobieramy kaucj\u0119, kt\u00f3ra rozliczana jest przy zwrocie wypo\u017cyczonego sprz\u0119tu.<br>Kaucja pobierana jest w got\u00f3wce.<br>Przy wypo\u017cyczaniu sprz\u0119tu spisujemy umow\u0119 najmu. Wymagane s\u0105 dwa dokumenty to\u017csamo\u015bci Klienta.<br>Sprz\u0119t przed zwrotem nale\u017cy wyczy\u015bci\u0107 w miar\u0119 mo\u017cliwo\u015bci. Sprz\u0119t nale\u017cy u\u017cytkowa\u0107 zgodnie z zasadami BHP. <br>Sprz\u0119t nale\u017cy zwr\u00f3ci\u0107 w niepogorszonym stanie.<br>Wypo\u017cyczone rowery czy baga\u017cniki samochodowe, nale\u017cy u\u017cytkowa\u0107 zgodnie z przepisami kodeksu drogowego. Maksymalna pr\u0119dko\u015b\u0107 podr\u00f3\u017cowania z boxem dachowym czy baga\u017cnikiem na hak to 130 km\/h<br>Za uszkodzenia mechaniczne wypo\u017cyczonego sprz\u0119tu odpowiada Najemca. Najemca zobowi\u0105zuje si\u0119 r\u00f3wnie\u017c pokry\u0107 koszty naprawy uszkodze\u0144 mechanicznych, b\u0105d\u017a ich wymiany na nowe, o ile naprawa czy wymiana uszkodzonych element\u00f3w nie jest mo\u017cliwa.<br>Nieuregulowane niniejszymi warunkami wynajmu kwestie, reguluj\u0105 przepisy kodeksu cywilnego.<br>Wszelkie spory wynikaj\u0105ce z umowy najmu sprz\u0119tu b\u0119d\u0105 rozstrzygane przez S\u0105d odpowiedni dla siedziby wynajmuj\u0105cego.<\/p>\n<\/div>\n\n\n\n<div class=\"wp-block-column is-layout-flow wp-block-column-is-layout-flow\">\n<figure class=\"wp-block-image size-large is-resized\"><img loading=\"lazy\" decoding=\"async\" width=\"1024\" height=\"683\" src=\"https:\/\/wypozyczalniaborowiec.pl\/wp-content\/uploads\/2024\/10\/workspace-workplace-office-table-1024x683.jpg\" alt=\"\" class=\"wp-image-295\" style=\"width:1027px;height:auto\" srcset=\"https:\/\/wypozyczalniaborowiec.pl\/wp-content\/uploads\/2024\/10\/workspace-workplace-office-table-1024x683.jpg 1024w, https:\/\/wypozyczalniaborowiec.pl\/wp-content\/uploads\/2024\/10\/workspace-workplace-office-table-300x200.jpg 300w, https:\/\/wypozyczalniaborowiec.pl\/wp-content\/uploads\/2024\/10\/workspace-workplace-office-table-768x512.jpg 768w, https:\/\/wypozyczalniaborowiec.pl\/wp-content\/uploads\/2024\/10\/workspace-workplace-office-table-1536x1024.jpg 1536w, https:\/\/wypozyczalniaborowiec.pl\/wp-content\/uploads\/2024\/10\/workspace-workplace-office-table-2048x1365.jpg 2048w, https:\/\/wypozyczalniaborowiec.pl\/wp-content\/uploads\/2024\/10\/workspace-workplace-office-table-930x620.jpg 930w\" sizes=\"auto, (max-width: 1024px) 100vw, 1024px\" \/><figcaption class=\"wp-element-caption\"><em>Designed by Freepik<\/em><\/figcaption><\/figure>\n<\/div>\n<\/div>\n<\/div>\n<\/div>\n\n\n\n<div id=\"wp-block-themeisle-blocks-advanced-columns-4df2d372\" class=\"wp-block-themeisle-blocks-advanced-columns alignfull has-1-columns has-desktop-equal-layout has-tablet-equal-layout has-mobile-collapsedRows-layout has-vertical-unset has-light-bg\"><div class=\"wp-block-themeisle-blocks-advanced-columns-overlay\"><\/div><div class=\"innerblocks-wrap\">\n<div id=\"wp-block-themeisle-blocks-advanced-column-aedc5443\" class=\"wp-block-themeisle-blocks-advanced-column\">\n<h2 class=\"wp-block-heading\">Dane kontaktowe<\/h2>\n\n\n\n<p>Wypo\u017cyczalnia Bor\u00f3wiec, Dembski Marcin<br>Ul. Malinowa 7<br>62-023 Bor\u00f3wiec<\/p>\n\n\n\n<div class=\"wp-block-columns is-layout-flex wp-container-core-columns-is-layout-9d6595d7 wp-block-columns-is-layout-flex\">\n<div class=\"wp-block-column is-layout-flow wp-block-column-is-layout-flow\">\n<h3 class=\"wp-block-heading\">Telefon<\/h3>\n\n\n\n<h3 class=\"wp-block-heading\">E-mail<\/h3>\n<\/div>\n\n\n\n<div class=\"wp-block-column is-layout-flow wp-block-column-is-layout-flow\">\n<h3 class=\"wp-block-heading\"> 531-040\u00a0747<\/h3>\n\n\n\n<h3 class=\"wp-block-heading\">bok@gareto.pl<\/h3>\n<\/div>\n<\/div>\n\n\n\n<p>Numer rachunku: Milenium Bank 69 1160 2202 0000 0003 1868 6272<\/p>\n<\/div>\n<\/div><\/div>\n\n\n\n<div id=\"wp-block-themeisle-blocks-advanced-columns-c45bd7d3\" class=\"wp-block-themeisle-blocks-advanced-columns alignfull has-1-columns has-desktop-equal-layout has-tablet-equal-layout has-mobile-equal-layout has-vertical-unset\"><div class=\"wp-block-themeisle-blocks-advanced-columns-overlay\"><\/div><div class=\"innerblocks-wrap\">\n<div id=\"wp-block-themeisle-blocks-advanced-column-66b03f48\" class=\"wp-block-themeisle-blocks-advanced-column\">\n<h2 class=\"wp-block-heading has-text-align-center has-white-color has-text-color\"> Follow us on social for exclusive offers! <\/h2>\n\n\n\n<p class=\"has-text-align-center has-white-color has-text-color\" style=\"font-size:25px\"> Get exclusive deals, offers and rewards! <\/p>\n\n\n\n<ul class=\"wp-block-social-links aligncenter is-layout-flex wp-block-social-links-is-layout-flex\"><li class=\"wp-social-link wp-social-link-facebook  wp-block-social-link\"><a href=\"https:\/\/@themeisle\" class=\"wp-block-social-link-anchor\"><svg width=\"24\" height=\"24\" viewBox=\"0 0 24 24\" version=\"1.1\" xmlns=\"http:\/\/www.w3.org\/2000\/svg\" aria-hidden=\"true\" focusable=\"false\"><path d=\"M12 2C6.5 2 2 6.5 2 12c0 5 3.7 9.1 8.4 9.9v-7H7.9V12h2.5V9.8c0-2.5 1.5-3.9 3.8-3.9 1.1 0 2.2.2 2.2.2v2.5h-1.3c-1.2 0-1.6.8-1.6 1.6V12h2.8l-.4 2.9h-2.3v7C18.3 21.1 22 17 22 12c0-5.5-4.5-10-10-10z\"><\/path><\/svg><span class=\"wp-block-social-link-label screen-reader-text\">Facebook<\/span><\/a><\/li>\n\n<li class=\"wp-social-link wp-social-link-twitter  wp-block-social-link\"><a href=\"https:\/\/@themeisle\" class=\"wp-block-social-link-anchor\"><svg width=\"24\" height=\"24\" viewBox=\"0 0 24 24\" version=\"1.1\" xmlns=\"http:\/\/www.w3.org\/2000\/svg\" aria-hidden=\"true\" focusable=\"false\"><path d=\"M22.23,5.924c-0.736,0.326-1.527,0.547-2.357,0.646c0.847-0.508,1.498-1.312,1.804-2.27 c-0.793,0.47-1.671,0.812-2.606,0.996C18.324,4.498,17.257,4,16.077,4c-2.266,0-4.103,1.837-4.103,4.103 c0,0.322,0.036,0.635,0.106,0.935C8.67,8.867,5.647,7.234,3.623,4.751C3.27,5.357,3.067,6.062,3.067,6.814 c0,1.424,0.724,2.679,1.825,3.415c-0.673-0.021-1.305-0.206-1.859-0.513c0,0.017,0,0.034,0,0.052c0,1.988,1.414,3.647,3.292,4.023 c-0.344,0.094-0.707,0.144-1.081,0.144c-0.264,0-0.521-0.026-0.772-0.074c0.522,1.63,2.038,2.816,3.833,2.85 c-1.404,1.1-3.174,1.756-5.096,1.756c-0.331,0-0.658-0.019-0.979-0.057c1.816,1.164,3.973,1.843,6.29,1.843 c7.547,0,11.675-6.252,11.675-11.675c0-0.178-0.004-0.355-0.012-0.531C20.985,7.47,21.68,6.747,22.23,5.924z\"><\/path><\/svg><span class=\"wp-block-social-link-label screen-reader-text\">Twitter<\/span><\/a><\/li>\n\n<li class=\"wp-social-link wp-social-link-google  wp-block-social-link\"><a href=\"https:\/\/@themeisle\" class=\"wp-block-social-link-anchor\"><svg width=\"24\" height=\"24\" viewBox=\"0 0 24 24\" version=\"1.1\" xmlns=\"http:\/\/www.w3.org\/2000\/svg\" aria-hidden=\"true\" focusable=\"false\"><path d=\"M12.02,10.18v3.72v0.01h5.51c-0.26,1.57-1.67,4.22-5.5,4.22c-3.31,0-6.01-2.75-6.01-6.12s2.7-6.12,6.01-6.12 c1.87,0,3.13,0.8,3.85,1.48l2.84-2.76C16.99,2.99,14.73,2,12.03,2c-5.52,0-10,4.48-10,10s4.48,10,10,10c5.77,0,9.6-4.06,9.6-9.77 c0-0.83-0.11-1.42-0.25-2.05H12.02z\"><\/path><\/svg><span class=\"wp-block-social-link-label screen-reader-text\">Google<\/span><\/a><\/li>\n\n<li class=\"wp-social-link wp-social-link-linkedin  wp-block-social-link\"><a href=\"https:\/\/@themeisle\" class=\"wp-block-social-link-anchor\"><svg width=\"24\" height=\"24\" viewBox=\"0 0 24 24\" version=\"1.1\" xmlns=\"http:\/\/www.w3.org\/2000\/svg\" aria-hidden=\"true\" focusable=\"false\"><path d=\"M19.7,3H4.3C3.582,3,3,3.582,3,4.3v15.4C3,20.418,3.582,21,4.3,21h15.4c0.718,0,1.3-0.582,1.3-1.3V4.3 C21,3.582,20.418,3,19.7,3z M8.339,18.338H5.667v-8.59h2.672V18.338z M7.004,8.574c-0.857,0-1.549-0.694-1.549-1.548 c0-0.855,0.691-1.548,1.549-1.548c0.854,0,1.547,0.694,1.547,1.548C8.551,7.881,7.858,8.574,7.004,8.574z M18.339,18.338h-2.669 v-4.177c0-0.996-0.017-2.278-1.387-2.278c-1.389,0-1.601,1.086-1.601,2.206v4.249h-2.667v-8.59h2.559v1.174h0.037 c0.356-0.675,1.227-1.387,2.526-1.387c2.703,0,3.203,1.779,3.203,4.092V18.338z\"><\/path><\/svg><span class=\"wp-block-social-link-label screen-reader-text\">LinkedIn<\/span><\/a><\/li><\/ul>\n<\/div>\n<\/div><\/div>\n","protected":false},"excerpt":{"rendered":"<p>Warunki wynajmu sprz\u0119tu:Wypo\u017cyczalnia Bor\u00f3wiec prowadzi wynajem sprz\u0119tu na doby.Za wypo\u017cyczony sprz\u0119t pobieramy kaucj\u0119, kt\u00f3ra rozliczana jest przy zwrocie wypo\u017cyczonego sprz\u0119tu.Kaucja pobierana jest w got\u00f3wce.Przy wypo\u017cyczaniu sprz\u0119tu spisujemy umow\u0119 najmu. Wymagane s\u0105 dwa dokumenty to\u017csamo\u015bci Klienta.Sprz\u0119t przed zwrotem nale\u017cy wyczy\u015bci\u0107 w miar\u0119 mo\u017cliwo\u015bci. Sprz\u0119t nale\u017cy u\u017cytkowa\u0107 zgodnie z zasadami BHP. Sprz\u0119t nale\u017cy zwr\u00f3ci\u0107 w niepogorszonym stanie.Wypo\u017cyczone&hellip;&nbsp;<a href=\"https:\/\/wypozyczalniaborowiec.pl\/?page_id=226\" class=\"\" rel=\"bookmark\">Dowiedz si\u0119 wi\u0119cej &raquo;<span class=\"screen-reader-text\">Warunki najmu<\/span><\/a><\/p>\n","protected":false},"author":1,"featured_media":0,"parent":0,"menu_order":0,"comment_status":"closed","ping_status":"closed","template":"","meta":{"neve_meta_sidebar":"full-width","neve_meta_container":"contained","neve_meta_enable_content_width":"on","neve_meta_content_width":100,"neve_meta_title_alignment":"","neve_meta_author_avatar":"","neve_post_elements_order":"","neve_meta_disable_header":"","neve_meta_disable_footer":"","neve_meta_disable_title":"on","_themeisle_gutenberg_block_has_review":false,"_ti_tpc_template_sync":false,"_ti_tpc_template_id":"3p981tm0i8e16mos4sd9","footnotes":""},"class_list":["post-226","page","type-page","status-publish","hentry"],"_links":{"self":[{"href":"https:\/\/wypozyczalniaborowiec.pl\/index.php?rest_route=\/wp\/v2\/pages\/226","targetHints":{"allow":["GET"]}}],"collection":[{"href":"https:\/\/wypozyczalniaborowiec.pl\/index.php?rest_route=\/wp\/v2\/pages"}],"about":[{"href":"https:\/\/wypozyczalniaborowiec.pl\/index.php?rest_route=\/wp\/v2\/types\/page"}],"author":[{"embeddable":true,"href":"https:\/\/wypozyczalniaborowiec.pl\/index.php?rest_route=\/wp\/v2\/users\/1"}],"replies":[{"embeddable":true,"href":"https:\/\/wypozyczalniaborowiec.pl\/index.php?rest_route=%2Fwp%2Fv2%2Fcomments&post=226"}],"version-history":[{"count":2,"href":"https:\/\/wypozyczalniaborowiec.pl\/index.php?rest_route=\/wp\/v2\/pages\/226\/revisions"}],"predecessor-version":[{"id":299,"href":"https:\/\/wypozyczalniaborowiec.pl\/index.php?rest_route=\/wp\/v2\/pages\/226\/revisions\/299"}],"wp:attachment":[{"href":"https:\/\/wypozyczalniaborowiec.pl\/index.php?rest_route=%2Fwp%2Fv2%2Fmedia&parent=226"}],"curies":[{"name":"wp","href":"https:\/\/api.w.org\/{rel}","templated":true}]}}