{"id":208,"date":"2020-02-14T11:29:47","date_gmt":"2020-02-14T11:29:47","guid":{"rendered":"https:\/\/demosites.io\/restaurant-gb\/?page_id=208"},"modified":"2024-10-24T12:46:40","modified_gmt":"2024-10-24T10:46:40","slug":"62549-home","status":"publish","type":"page","link":"https:\/\/wypozyczalniaborowiec.pl\/","title":{"rendered":"Strona g\u0142\u00f3wna"},"content":{"rendered":"\n<div id=\"wp-block-themeisle-blocks-advanced-columns-d6c31976\" class=\"wp-block-themeisle-blocks-advanced-columns alignfull has-1-columns has-desktop-equal-layout has-tablet-equal-layout has-mobile-equal-layout has-vertical-unset\"><div class=\"wp-block-themeisle-blocks-advanced-columns-overlay\"><\/div><div class=\"innerblocks-wrap\">\n<div id=\"wp-block-themeisle-blocks-advanced-column-8c100053\" class=\"wp-block-themeisle-blocks-advanced-column\">\n<h1 class=\"wp-block-heading has-nv-text-dark-bg-color has-text-color\">Wypo\u017cyczalnia Bor\u00f3wiec oferuje<\/h1>\n\n\n\n<p class=\"has-nv-text-dark-bg-color has-text-color\" style=\"font-size:25px\">Sprz\u0119t ogrodniczy, elektronarz\u0119dzia, rowery, boxy dachowe i wiele innych<\/p>\n\n\n\n<div class=\"wp-block-buttons is-layout-flex wp-block-buttons-is-layout-flex\">\n<div class=\"wp-block-button is-style-primary\"><a class=\"wp-block-button__link wp-element-button\" href=\"https:\/\/wypozyczalniaborowiec.pl\/?page_id=247\">OFERTA<\/a><\/div>\n<\/div>\n<\/div>\n<\/div><\/div>\n\n\n\n<section id=\"wp-block-themeisle-blocks-advanced-columns-150002a9\" class=\"wp-block-themeisle-blocks-advanced-columns alignfull has-2-columns has-desktop-equal-layout has-tablet-equal-layout has-mobile-collapsedRows-layout has-vertical-unset has-vertical-undefined has-light-bg\"><div class=\"wp-block-themeisle-blocks-advanced-columns-overlay\"><\/div><div class=\"innerblocks-wrap\">\n<div id=\"wp-block-themeisle-blocks-advanced-column-fb2699c4\" class=\"wp-block-themeisle-blocks-advanced-column has-dark-bg\">\n<h2 class=\"wp-block-heading has-text-align-left has-nv-text-dark-bg-color has-text-color\">Ul. Malinowa 7<br>62-023 Bor\u00f3wiec<\/h2>\n\n\n\n<p class=\"has-medium-font-size\">Tel:&nbsp;<strong>531 040 747<br><\/strong>Email: bok@gareto.pl<\/p>\n<\/div>\n\n\n\n<div id=\"wp-block-themeisle-blocks-advanced-column-34fad729\" class=\"wp-block-themeisle-blocks-advanced-column\">\n<iframe src=\"https:\/\/www.google.com\/maps\/embed?pb=!1m18!1m12!1m3!1d2441.5677581972964!2d17.04007247716362!3d52.26939377199657!2m3!1f0!2f0!3f0!3m2!1i1024!2i768!4f13.1!3m3!1m2!1s0x4704564679ab7c99%3A0xd56db271296c5d11!2sMalinowa%207%2C%2062-023%20Bor%C3%B3wiec!5e0!3m2!1spl!2spl!4v1729628143077!5m2!1spl!2spl\" width=\"400\" height=\"400\" style=\"border:0;\" allowfullscreen=\"\" loading=\"lazy\" referrerpolicy=\"no-referrer-when-downgrade\"><\/iframe>\n<\/div>\n<\/div><\/section>\n\n\n\n<div id=\"wp-block-themeisle-blocks-advanced-columns-c9ad408d\" class=\"wp-block-themeisle-blocks-advanced-columns alignfull has-3-columns has-desktop-equal-layout has-tablet-equal-layout has-mobile-collapsedRows-layout has-vertical-unset has-light-bg\"><div class=\"wp-block-themeisle-blocks-advanced-columns-overlay\"><\/div><div class=\"innerblocks-wrap\">\n<div id=\"wp-block-themeisle-blocks-advanced-column-bd1ee026\" class=\"wp-block-themeisle-blocks-advanced-column\">\n<h2 class=\"wp-block-heading\">Najcz\u0119\u015bciej wybierane<\/h2>\n\n\n\n<p style=\"font-size:19px\">Znajd\u017a to czego dzi\u015b potrzebujesz<\/p>\n\n\n\n<div class=\"wp-block-buttons is-layout-flex wp-block-buttons-is-layout-flex\">\n<div class=\"wp-block-button is-style-primary\"><a class=\"wp-block-button__link wp-element-button\" href=\"https:\/\/wypozyczalniaborowiec.pl\/?page_id=247\">OFERTA<\/a><\/div>\n<\/div>\n<\/div>\n\n\n\n<div id=\"wp-block-themeisle-blocks-advanced-column-f2fd213d\" class=\"wp-block-themeisle-blocks-advanced-column has-light-bg\"><div class=\"wp-block-image\">\n<figure class=\"aligncenter size-full\"><img loading=\"lazy\" decoding=\"async\" width=\"720\" height=\"480\" src=\"https:\/\/wypozyczalniaborowiec.pl\/wp-content\/uploads\/2024\/10\/M_318P_Przyczepka-lekka-240x120x175.jpg\" alt=\"\" class=\"wp-image-357\" srcset=\"https:\/\/wypozyczalniaborowiec.pl\/wp-content\/uploads\/2024\/10\/M_318P_Przyczepka-lekka-240x120x175.jpg 720w, https:\/\/wypozyczalniaborowiec.pl\/wp-content\/uploads\/2024\/10\/M_318P_Przyczepka-lekka-240x120x175-300x200.jpg 300w\" sizes=\"auto, (max-width: 720px) 100vw, 720px\" \/><\/figure>\n<\/div>\n\n\n<div style=\"height:16px\" aria-hidden=\"true\" class=\"wp-block-spacer\"><\/div>\n\n\n\n<h3 class=\"wp-block-heading has-text-align-center\">Przyczepka lekka samochodowa z plandek\u0105, jednoosiowa <\/h3>\n<\/div>\n\n\n\n<div id=\"wp-block-themeisle-blocks-advanced-column-eba3820b\" class=\"wp-block-themeisle-blocks-advanced-column has-light-bg\"><div class=\"wp-block-image\">\n<figure class=\"aligncenter size-full\"><img loading=\"lazy\" decoding=\"async\" width=\"549\" height=\"638\" src=\"https:\/\/wypozyczalniaborowiec.pl\/wp-content\/uploads\/2024\/10\/13973_4.jpg\" alt=\"\" class=\"wp-image-339\" srcset=\"https:\/\/wypozyczalniaborowiec.pl\/wp-content\/uploads\/2024\/10\/13973_4.jpg 549w, https:\/\/wypozyczalniaborowiec.pl\/wp-content\/uploads\/2024\/10\/13973_4-258x300.jpg 258w\" sizes=\"auto, (max-width: 549px) 100vw, 549px\" \/><\/figure>\n<\/div>\n\n\n<div style=\"height:16px\" aria-hidden=\"true\" class=\"wp-block-spacer\"><\/div>\n\n\n\n<h3 class=\"wp-block-heading has-text-align-center\">AERATOR 3w1 320mm 2500W 30L BASS POLSKA <\/h3>\n<\/div>\n<\/div><\/div>\n\n\n\n<div id=\"wp-block-themeisle-blocks-advanced-columns-73881adc\" class=\"wp-block-themeisle-blocks-advanced-columns alignfull has-1-columns has-desktop-equal-layout has-tablet-equal-layout has-mobile-equal-layout has-vertical-unset has-light-bg\"><div class=\"wp-block-themeisle-blocks-advanced-columns-overlay\"><\/div><div class=\"innerblocks-wrap\">\n<div id=\"wp-block-themeisle-blocks-advanced-column-c224c68d\" class=\"wp-block-themeisle-blocks-advanced-column\">\n<h2 id=\"wp-block-themeisle-blocks-advanced-heading-98b50528\" class=\"wp-block-themeisle-blocks-advanced-heading wp-block-themeisle-blocks-advanced-heading-98b50528\">Jesienne porz\u0105dki w ogrodzie?<\/h2>\n\n\n\n<p class=\"has-text-align-center\" style=\"font-size:25px\">Sprz\u0119t ogrodniczy na kilka godzin, weekend, a nawet ca\u0142y tydzie\u0144<\/p>\n<\/div>\n<\/div><\/div>\n\n\n\n<div id=\"wp-block-themeisle-blocks-advanced-columns-5d97924e\" class=\"wp-block-themeisle-blocks-advanced-columns alignfull has-4-columns has-desktop-equal-layout has-tablet-equal-layout has-mobile-collapsedRows-layout has-vertical-unset has-light-bg\"><div class=\"wp-block-themeisle-blocks-advanced-columns-overlay\"><\/div><div class=\"innerblocks-wrap\">\n<div id=\"wp-block-themeisle-blocks-advanced-column-a27336bb\" class=\"wp-block-themeisle-blocks-advanced-column\"><div class=\"wp-block-image\">\n<figure class=\"aligncenter size-full is-resized\"><img loading=\"lazy\" decoding=\"async\" width=\"892\" height=\"816\" src=\"https:\/\/wypozyczalniaborowiec.pl\/wp-content\/uploads\/2024\/10\/Wertykulator-elektryczny-1.jpg\" alt=\"\" class=\"wp-image-374\" style=\"width:286px;height:auto\" srcset=\"https:\/\/wypozyczalniaborowiec.pl\/wp-content\/uploads\/2024\/10\/Wertykulator-elektryczny-1.jpg 892w, https:\/\/wypozyczalniaborowiec.pl\/wp-content\/uploads\/2024\/10\/Wertykulator-elektryczny-1-300x274.jpg 300w, https:\/\/wypozyczalniaborowiec.pl\/wp-content\/uploads\/2024\/10\/Wertykulator-elektryczny-1-768x703.jpg 768w\" sizes=\"auto, (max-width: 892px) 100vw, 892px\" \/><\/figure>\n<\/div><\/div>\n\n\n\n<div id=\"wp-block-themeisle-blocks-advanced-column-1b31af7f\" class=\"wp-block-themeisle-blocks-advanced-column\"><div class=\"wp-block-image\">\n<figure class=\"aligncenter size-full is-resized\"><img loading=\"lazy\" decoding=\"async\" width=\"665\" height=\"712\" src=\"https:\/\/wypozyczalniaborowiec.pl\/wp-content\/uploads\/2024\/10\/Podkaszarka-NAC-3-KM.jpg\" alt=\"\" class=\"wp-image-366\" style=\"width:247px;height:auto\" srcset=\"https:\/\/wypozyczalniaborowiec.pl\/wp-content\/uploads\/2024\/10\/Podkaszarka-NAC-3-KM.jpg 665w, https:\/\/wypozyczalniaborowiec.pl\/wp-content\/uploads\/2024\/10\/Podkaszarka-NAC-3-KM-280x300.jpg 280w\" sizes=\"auto, (max-width: 665px) 100vw, 665px\" \/><\/figure>\n<\/div><\/div>\n\n\n\n<div id=\"wp-block-themeisle-blocks-advanced-column-6ffca542\" class=\"wp-block-themeisle-blocks-advanced-column\"><div class=\"wp-block-image\">\n<figure class=\"aligncenter size-full is-resized\"><img loading=\"lazy\" decoding=\"async\" width=\"803\" height=\"653\" src=\"https:\/\/wypozyczalniaborowiec.pl\/wp-content\/uploads\/2024\/10\/Taczka-ogrodowa.jpg\" alt=\"\" class=\"wp-image-372\" style=\"width:327px;height:auto\" srcset=\"https:\/\/wypozyczalniaborowiec.pl\/wp-content\/uploads\/2024\/10\/Taczka-ogrodowa.jpg 803w, https:\/\/wypozyczalniaborowiec.pl\/wp-content\/uploads\/2024\/10\/Taczka-ogrodowa-300x244.jpg 300w, https:\/\/wypozyczalniaborowiec.pl\/wp-content\/uploads\/2024\/10\/Taczka-ogrodowa-768x625.jpg 768w\" sizes=\"auto, (max-width: 803px) 100vw, 803px\" \/><\/figure>\n<\/div><\/div>\n\n\n\n<div id=\"wp-block-themeisle-blocks-advanced-column-10f91e0c\" class=\"wp-block-themeisle-blocks-advanced-column\"><div class=\"wp-block-image\">\n<figure class=\"aligncenter size-full is-resized\"><img loading=\"lazy\" decoding=\"async\" width=\"720\" height=\"837\" src=\"https:\/\/wypozyczalniaborowiec.pl\/wp-content\/uploads\/2024\/10\/M_Siewnik-rzedowy-1.jpg\" alt=\"\" class=\"wp-image-358\" style=\"width:229px;height:auto\" srcset=\"https:\/\/wypozyczalniaborowiec.pl\/wp-content\/uploads\/2024\/10\/M_Siewnik-rzedowy-1.jpg 720w, https:\/\/wypozyczalniaborowiec.pl\/wp-content\/uploads\/2024\/10\/M_Siewnik-rzedowy-1-258x300.jpg 258w\" sizes=\"auto, (max-width: 720px) 100vw, 720px\" \/><\/figure>\n<\/div><\/div>\n<\/div><\/div>\n\n\n\n<div id=\"wp-block-themeisle-blocks-advanced-columns-deff5fa1\" class=\"wp-block-themeisle-blocks-advanced-columns alignfull has-1-columns has-desktop-equal-layout has-tablet-equal-layout has-mobile-equal-layout has-vertical-unset has-dark-bg\"><div class=\"wp-block-themeisle-blocks-advanced-columns-overlay\"><\/div><div class=\"innerblocks-wrap\">\n<div id=\"wp-block-themeisle-blocks-advanced-column-9d9d6a65\" class=\"wp-block-themeisle-blocks-advanced-column\">\n<h2 class=\"wp-block-heading has-text-align-right has-nv-text-dark-bg-color has-text-color\">Ma\u0142y remont czy du\u017ce zmiany?<\/h2>\n\n\n\n<p class=\"has-text-align-right has-nv-text-dark-bg-color has-text-color\" style=\"font-size:25px\">Nasze elektronarz\u0119dzia u\u0142atwi\u0105 prac\u0119<\/p>\n<\/div>\n<\/div><\/div>\n\n\n\n<div id=\"wp-block-themeisle-blocks-advanced-columns-52f77f5e\" class=\"wp-block-themeisle-blocks-advanced-columns alignfull has-4-columns has-desktop-equal-layout has-tablet-equal-layout has-mobile-collapsedRows-layout has-vertical-unset has-dark-bg\"><div class=\"wp-block-themeisle-blocks-advanced-columns-overlay\"><\/div><div class=\"innerblocks-wrap\">\n<div id=\"wp-block-themeisle-blocks-advanced-column-25860e47\" class=\"wp-block-themeisle-blocks-advanced-column\"><div class=\"wp-block-image\">\n<figure class=\"aligncenter size-full\"><img loading=\"lazy\" decoding=\"async\" width=\"517\" height=\"462\" src=\"https:\/\/wypozyczalniaborowiec.pl\/wp-content\/uploads\/2024\/10\/Przecinarka-do-metalu.jpg\" alt=\"\" class=\"wp-image-368\" srcset=\"https:\/\/wypozyczalniaborowiec.pl\/wp-content\/uploads\/2024\/10\/Przecinarka-do-metalu.jpg 517w, https:\/\/wypozyczalniaborowiec.pl\/wp-content\/uploads\/2024\/10\/Przecinarka-do-metalu-300x268.jpg 300w\" sizes=\"auto, (max-width: 517px) 100vw, 517px\" \/><\/figure>\n<\/div><\/div>\n\n\n\n<div id=\"wp-block-themeisle-blocks-advanced-column-2196337b\" class=\"wp-block-themeisle-blocks-advanced-column\"><div class=\"wp-block-image\">\n<figure class=\"aligncenter size-full is-resized\"><img loading=\"lazy\" decoding=\"async\" width=\"1000\" height=\"1000\" src=\"https:\/\/wypozyczalniaborowiec.pl\/wp-content\/uploads\/2024\/10\/Wkretarka-WORKS-2.jpg\" alt=\"\" class=\"wp-image-377\" style=\"width:269px;height:auto\" srcset=\"https:\/\/wypozyczalniaborowiec.pl\/wp-content\/uploads\/2024\/10\/Wkretarka-WORKS-2.jpg 1000w, https:\/\/wypozyczalniaborowiec.pl\/wp-content\/uploads\/2024\/10\/Wkretarka-WORKS-2-300x300.jpg 300w, https:\/\/wypozyczalniaborowiec.pl\/wp-content\/uploads\/2024\/10\/Wkretarka-WORKS-2-150x150.jpg 150w, https:\/\/wypozyczalniaborowiec.pl\/wp-content\/uploads\/2024\/10\/Wkretarka-WORKS-2-768x768.jpg 768w\" sizes=\"auto, (max-width: 1000px) 100vw, 1000px\" \/><\/figure>\n<\/div><\/div>\n\n\n\n<div id=\"wp-block-themeisle-blocks-advanced-column-32931bfc\" class=\"wp-block-themeisle-blocks-advanced-column\"><div class=\"wp-block-image\">\n<figure class=\"aligncenter size-full is-resized\"><img loading=\"lazy\" decoding=\"async\" width=\"458\" height=\"458\" src=\"https:\/\/wypozyczalniaborowiec.pl\/wp-content\/uploads\/2024\/10\/010564.jpg\" alt=\"\" class=\"wp-image-338\" style=\"width:271px;height:auto\" srcset=\"https:\/\/wypozyczalniaborowiec.pl\/wp-content\/uploads\/2024\/10\/010564.jpg 458w, https:\/\/wypozyczalniaborowiec.pl\/wp-content\/uploads\/2024\/10\/010564-300x300.jpg 300w, https:\/\/wypozyczalniaborowiec.pl\/wp-content\/uploads\/2024\/10\/010564-150x150.jpg 150w\" sizes=\"auto, (max-width: 458px) 100vw, 458px\" \/><\/figure>\n<\/div><\/div>\n\n\n\n<div id=\"wp-block-themeisle-blocks-advanced-column-c039a8f9\" class=\"wp-block-themeisle-blocks-advanced-column\"><div class=\"wp-block-image\">\n<figure class=\"aligncenter size-full is-resized\"><img loading=\"lazy\" decoding=\"async\" width=\"1024\" height=\"1024\" src=\"https:\/\/wypozyczalniaborowiec.pl\/wp-content\/uploads\/2024\/10\/Pilarka-stolowa.jpg\" alt=\"\" class=\"wp-image-363\" style=\"width:276px;height:auto\" srcset=\"https:\/\/wypozyczalniaborowiec.pl\/wp-content\/uploads\/2024\/10\/Pilarka-stolowa.jpg 1024w, https:\/\/wypozyczalniaborowiec.pl\/wp-content\/uploads\/2024\/10\/Pilarka-stolowa-300x300.jpg 300w, https:\/\/wypozyczalniaborowiec.pl\/wp-content\/uploads\/2024\/10\/Pilarka-stolowa-150x150.jpg 150w, https:\/\/wypozyczalniaborowiec.pl\/wp-content\/uploads\/2024\/10\/Pilarka-stolowa-768x768.jpg 768w\" sizes=\"auto, (max-width: 1024px) 100vw, 1024px\" \/><\/figure>\n<\/div><\/div>\n<\/div><\/div>\n\n\n\n<div id=\"wp-block-themeisle-blocks-advanced-columns-a4ad5a2f\" class=\"wp-block-themeisle-blocks-advanced-columns alignfull has-1-columns has-desktop-equal-layout has-tablet-equal-layout has-mobile-equal-layout has-vertical-unset has-light-bg\"><div class=\"wp-block-themeisle-blocks-advanced-columns-overlay\"><\/div><div class=\"innerblocks-wrap\">\n<div id=\"wp-block-themeisle-blocks-advanced-column-586a0894\" class=\"wp-block-themeisle-blocks-advanced-column\">\n<div class=\"wp-block-group is-vertical is-layout-flex wp-container-core-group-is-layout-8cf370e7 wp-block-group-is-layout-flex\">\n<div id=\"wp-block-themeisle-blocks-icon-list-44b93baf\" class=\"wp-block-themeisle-blocks-icon-list is-style-horizontal ticss-b6c7ec6f\">\n<div id=\"wp-block-themeisle-blocks-icon-list-item-cad7ed02\" class=\"wp-block-themeisle-blocks-icon-list-item\"><i class=\"fas fa-star wp-block-themeisle-blocks-icon-list-item-icon-custom\"><\/i><p class=\"wp-block-themeisle-blocks-icon-list-item-content\">List item 5<\/p><\/div>\n\n\n\n<div id=\"wp-block-themeisle-blocks-icon-list-item-f29ef0a3\" class=\"wp-block-themeisle-blocks-icon-list-item\"><i class=\"fas fa-star wp-block-themeisle-blocks-icon-list-item-icon-custom\"><\/i><p class=\"wp-block-themeisle-blocks-icon-list-item-content\">List item 5<\/p><\/div>\n\n\n\n<div id=\"wp-block-themeisle-blocks-icon-list-item-fa7e2e77\" class=\"wp-block-themeisle-blocks-icon-list-item\"><i class=\"fas fa-star wp-block-themeisle-blocks-icon-list-item-icon-custom\"><\/i><p class=\"wp-block-themeisle-blocks-icon-list-item-content\">List item 5<\/p><\/div>\n\n\n\n<div id=\"wp-block-themeisle-blocks-icon-list-item-3430e63a\" class=\"wp-block-themeisle-blocks-icon-list-item\"><i class=\"fas fa-star wp-block-themeisle-blocks-icon-list-item-icon-custom\"><\/i><p class=\"wp-block-themeisle-blocks-icon-list-item-content\">List item 5<\/p><\/div>\n\n\n\n<div id=\"wp-block-themeisle-blocks-icon-list-item-2f353fdf\" class=\"wp-block-themeisle-blocks-icon-list-item\"><i class=\"fas fa-star wp-block-themeisle-blocks-icon-list-item-icon-custom\"><\/i><p class=\"wp-block-themeisle-blocks-icon-list-item-content\">List item 5<\/p><\/div>\n<\/div>\n\n\n\n<p class=\"has-text-align-center\" style=\"font-size:25px\">\u201cCiesz\u0119 si\u0119, \u017ce w gminie K\u00f3rnik jest tak dobrze wyposa\u017cona wypo\u017cyczalnia, ju\u017c nie musz\u0119 je\u017adzi\u0107 do Poznania, aby po\u017cyczy\u0107 na weekend narz\u0119dzia do pracy w ogrodzie&#8230;\u201d  &#8211; Anna<\/p>\n\n\n\n<div style=\"height:0px\" aria-hidden=\"true\" class=\"wp-block-spacer wp-container-content-f9bd05ee\"><\/div>\n\n\n\n<h2 id=\"wp-block-themeisle-blocks-advanced-heading-00b8039f\" class=\"wp-block-themeisle-blocks-advanced-heading wp-block-themeisle-blocks-advanced-heading-00b8039f\"><\/h2>\n<\/div>\n<\/div>\n<\/div><\/div>\n\n\n\n<div id=\"wp-block-themeisle-blocks-advanced-columns-c89b08f2\" class=\"wp-block-themeisle-blocks-advanced-columns alignfull has-1-columns has-desktop-equal-layout has-tablet-equal-layout has-mobile-equal-layout has-vertical-unset has-dark-bg\"><div class=\"wp-block-themeisle-blocks-advanced-columns-overlay\"><\/div><div class=\"innerblocks-wrap\">\n<div id=\"wp-block-themeisle-blocks-advanced-column-47f6dab8\" class=\"wp-block-themeisle-blocks-advanced-column\">\n<h2 class=\"wp-block-heading has-text-align-center has-nv-text-dark-bg-color has-text-color\">Czas na wycieczk\u0119 rowerow\u0105?<\/h2>\n\n\n\n<p class=\"has-text-align-center has-nv-text-dark-bg-color has-text-color\" style=\"font-size:25px\">Rowery, przyczepki, foteliki dla dzieci<\/p>\n<\/div>\n<\/div><\/div>\n","protected":false},"excerpt":{"rendered":"","protected":false},"author":1,"featured_media":0,"parent":0,"menu_order":0,"comment_status":"closed","ping_status":"closed","template":"page-templates\/template-pagebuilder-full-width.php","meta":{"neve_meta_sidebar":"full-width","neve_meta_container":"contained","neve_meta_enable_content_width":"on","neve_meta_content_width":80,"neve_meta_title_alignment":"","neve_meta_author_avatar":"","neve_post_elements_order":"","neve_meta_disable_header":"","neve_meta_disable_footer":"","neve_meta_disable_title":"on","_themeisle_gutenberg_block_has_review":false,"_ti_tpc_template_sync":false,"_ti_tpc_template_id":"uo6nemsm0rtf2wzbt339","footnotes":""},"class_list":["post-208","page","type-page","status-publish","hentry"],"_links":{"self":[{"href":"https:\/\/wypozyczalniaborowiec.pl\/index.php?rest_route=\/wp\/v2\/pages\/208","targetHints":{"allow":["GET"]}}],"collection":[{"href":"https:\/\/wypozyczalniaborowiec.pl\/index.php?rest_route=\/wp\/v2\/pages"}],"about":[{"href":"https:\/\/wypozyczalniaborowiec.pl\/index.php?rest_route=\/wp\/v2\/types\/page"}],"author":[{"embeddable":true,"href":"https:\/\/wypozyczalniaborowiec.pl\/index.php?rest_route=\/wp\/v2\/users\/1"}],"replies":[{"embeddable":true,"href":"https:\/\/wypozyczalniaborowiec.pl\/index.php?rest_route=%2Fwp%2Fv2%2Fcomments&post=208"}],"version-history":[{"count":4,"href":"https:\/\/wypozyczalniaborowiec.pl\/index.php?rest_route=\/wp\/v2\/pages\/208\/revisions"}],"predecessor-version":[{"id":391,"href":"https:\/\/wypozyczalniaborowiec.pl\/index.php?rest_route=\/wp\/v2\/pages\/208\/revisions\/391"}],"wp:attachment":[{"href":"https:\/\/wypozyczalniaborowiec.pl\/index.php?rest_route=%2Fwp%2Fv2%2Fmedia&parent=208"}],"curies":[{"name":"wp","href":"https:\/\/api.w.org\/{rel}","templated":true}]}}